{"id":17305,"date":"2025-08-08T09:00:26","date_gmt":"2025-08-08T09:00:26","guid":{"rendered":"https:\/\/elmaqalbi.com\/?post_type=product&#038;p=17305"},"modified":"2025-08-08T09:19:44","modified_gmt":"2025-08-08T09:19:44","slug":"temporizador","status":"publish","type":"product","link":"https:\/\/elmaqalbi.com\/en\/produto\/temporizador\/","title":{"rendered":"Temporizador"},"content":{"rendered":"<p>Diversos modelos dispon\u00edveis;<\/p>\n","protected":false},"excerpt":{"rendered":"<p>Dispositivos que atuam como interruptores controlados por tempo, abrindo ou fechando circuitos ap\u00f3s um per\u00edodo pr\u00e9-definido<\/p>\n","protected":false},"featured_media":17311,"template":"","meta":[],"product_brand":[],"product_cat":[93],"product_tag":[],"class_list":{"0":"post-17305","1":"product","2":"type-product","3":"status-publish","4":"has-post-thumbnail","6":"product_cat-sistemas-de-automacao","8":"first","9":"instock","10":"taxable","11":"shipping-taxable","12":"product-type-simple"},"_links":{"self":[{"href":"https:\/\/elmaqalbi.com\/en\/wp-json\/wp\/v2\/product\/17305","targetHints":{"allow":["GET"]}}],"collection":[{"href":"https:\/\/elmaqalbi.com\/en\/wp-json\/wp\/v2\/product"}],"about":[{"href":"https:\/\/elmaqalbi.com\/en\/wp-json\/wp\/v2\/types\/product"}],"version-history":[{"count":1,"href":"https:\/\/elmaqalbi.com\/en\/wp-json\/wp\/v2\/product\/17305\/revisions"}],"predecessor-version":[{"id":17308,"href":"https:\/\/elmaqalbi.com\/en\/wp-json\/wp\/v2\/product\/17305\/revisions\/17308"}],"wp:featuredmedia":[{"embeddable":true,"href":"https:\/\/elmaqalbi.com\/en\/wp-json\/wp\/v2\/media\/17311"}],"wp:attachment":[{"href":"https:\/\/elmaqalbi.com\/en\/wp-json\/wp\/v2\/media?parent=17305"}],"wp:term":[{"taxonomy":"product_brand","embeddable":true,"href":"https:\/\/elmaqalbi.com\/en\/wp-json\/wp\/v2\/product_brand?post=17305"},{"taxonomy":"product_cat","embeddable":true,"href":"https:\/\/elmaqalbi.com\/en\/wp-json\/wp\/v2\/product_cat?post=17305"},{"taxonomy":"product_tag","embeddable":true,"href":"https:\/\/elmaqalbi.com\/en\/wp-json\/wp\/v2\/product_tag?post=17305"}],"curies":[{"name":"wp","href":"https:\/\/api.w.org\/{rel}","templated":true}]}}