{"id":17003,"date":"2025-04-30T14:58:46","date_gmt":"2025-04-30T14:58:46","guid":{"rendered":"https:\/\/elmaqalbi.com\/?post_type=product&#038;p=17003"},"modified":"2025-06-04T11:57:57","modified_gmt":"2025-06-04T11:57:57","slug":"tigon-balancer-varios-pesos","status":"publish","type":"product","link":"https:\/\/elmaqalbi.com\/en\/produto\/tigon-balancer-varios-pesos\/","title":{"rendered":"Tigon Balancer"},"content":{"rendered":"<p>Reduz o esfor\u00e7o do operador, permitindo-lhe trabalhar com maior precis\u00e3o e efici\u00eancia;<\/p>\n<p>Reduz a fadiga muscular, especialmente em tarefas que envolvem movimentos repetitivos;<\/p>\n<p>Previne a queda da ferramenta em caso de falha da mola ou cabo;<\/p>\n<p>Melhora a efici\u00eancia e a produtividade do trabalhador.<\/p>\n","protected":false},"excerpt":{"rendered":"<p>Sistema de suspens\u00e3o que utiliza um cabo ou uma mola para suportar e equilibrar ferramentas pesadas em linhas de montagem ou outras \u00e1reas de trabalho.<br \/>\nExistem diferentes tipos de <em>Tigon Balancer<\/em>, com diferentes capacidades de carga e comprimentos de cabo.<br \/>\nAlguns modelos incluem recursos adicionais, como sistema de travamento para mudan\u00e7a de ferramentas ou cabos.<\/p>\n","protected":false},"featured_media":16978,"template":"","meta":[],"product_brand":[],"product_cat":[96],"product_tag":[],"class_list":{"0":"post-17003","1":"product","2":"type-product","3":"status-publish","4":"has-post-thumbnail","6":"product_cat-ferramentas","8":"first","9":"instock","10":"taxable","11":"shipping-taxable","12":"product-type-simple"},"_links":{"self":[{"href":"https:\/\/elmaqalbi.com\/en\/wp-json\/wp\/v2\/product\/17003","targetHints":{"allow":["GET"]}}],"collection":[{"href":"https:\/\/elmaqalbi.com\/en\/wp-json\/wp\/v2\/product"}],"about":[{"href":"https:\/\/elmaqalbi.com\/en\/wp-json\/wp\/v2\/types\/product"}],"version-history":[{"count":2,"href":"https:\/\/elmaqalbi.com\/en\/wp-json\/wp\/v2\/product\/17003\/revisions"}],"predecessor-version":[{"id":17142,"href":"https:\/\/elmaqalbi.com\/en\/wp-json\/wp\/v2\/product\/17003\/revisions\/17142"}],"wp:featuredmedia":[{"embeddable":true,"href":"https:\/\/elmaqalbi.com\/en\/wp-json\/wp\/v2\/media\/16978"}],"wp:attachment":[{"href":"https:\/\/elmaqalbi.com\/en\/wp-json\/wp\/v2\/media?parent=17003"}],"wp:term":[{"taxonomy":"product_brand","embeddable":true,"href":"https:\/\/elmaqalbi.com\/en\/wp-json\/wp\/v2\/product_brand?post=17003"},{"taxonomy":"product_cat","embeddable":true,"href":"https:\/\/elmaqalbi.com\/en\/wp-json\/wp\/v2\/product_cat?post=17003"},{"taxonomy":"product_tag","embeddable":true,"href":"https:\/\/elmaqalbi.com\/en\/wp-json\/wp\/v2\/product_tag?post=17003"}],"curies":[{"name":"wp","href":"https:\/\/api.w.org\/{rel}","templated":true}]}}