{"id":16993,"date":"2025-04-30T14:53:47","date_gmt":"2025-04-30T14:53:47","guid":{"rendered":"https:\/\/elmaqalbi.com\/?post_type=product&#038;p=16993"},"modified":"2025-06-05T14:56:12","modified_gmt":"2025-06-05T14:56:12","slug":"alicate-cravar-rj45","status":"publish","type":"product","link":"https:\/\/elmaqalbi.com\/en\/produto\/alicate-cravar-rj45\/","title":{"rendered":"Alicate cravar RJ45"},"content":{"rendered":"","protected":false},"excerpt":{"rendered":"<p>Equipados com a fun\u00e7\u00e3o de corte, a ferramenta perfeita para instala\u00e7\u00f5es de cabos de rede.<\/p>\n","protected":false},"featured_media":17243,"template":"","meta":[],"product_brand":[],"product_cat":[96],"product_tag":[],"class_list":{"0":"post-16993","1":"product","2":"type-product","3":"status-publish","4":"has-post-thumbnail","6":"product_cat-ferramentas","8":"first","9":"instock","10":"taxable","11":"shipping-taxable","12":"product-type-simple"},"_links":{"self":[{"href":"https:\/\/elmaqalbi.com\/en\/wp-json\/wp\/v2\/product\/16993","targetHints":{"allow":["GET"]}}],"collection":[{"href":"https:\/\/elmaqalbi.com\/en\/wp-json\/wp\/v2\/product"}],"about":[{"href":"https:\/\/elmaqalbi.com\/en\/wp-json\/wp\/v2\/types\/product"}],"version-history":[{"count":2,"href":"https:\/\/elmaqalbi.com\/en\/wp-json\/wp\/v2\/product\/16993\/revisions"}],"predecessor-version":[{"id":17145,"href":"https:\/\/elmaqalbi.com\/en\/wp-json\/wp\/v2\/product\/16993\/revisions\/17145"}],"wp:featuredmedia":[{"embeddable":true,"href":"https:\/\/elmaqalbi.com\/en\/wp-json\/wp\/v2\/media\/17243"}],"wp:attachment":[{"href":"https:\/\/elmaqalbi.com\/en\/wp-json\/wp\/v2\/media?parent=16993"}],"wp:term":[{"taxonomy":"product_brand","embeddable":true,"href":"https:\/\/elmaqalbi.com\/en\/wp-json\/wp\/v2\/product_brand?post=16993"},{"taxonomy":"product_cat","embeddable":true,"href":"https:\/\/elmaqalbi.com\/en\/wp-json\/wp\/v2\/product_cat?post=16993"},{"taxonomy":"product_tag","embeddable":true,"href":"https:\/\/elmaqalbi.com\/en\/wp-json\/wp\/v2\/product_tag?post=16993"}],"curies":[{"name":"wp","href":"https:\/\/api.w.org\/{rel}","templated":true}]}}