{"id":16987,"date":"2025-04-30T14:50:57","date_gmt":"2025-04-30T14:50:57","guid":{"rendered":"https:\/\/elmaqalbi.com\/?post_type=product&#038;p=16987"},"modified":"2025-06-04T13:23:08","modified_gmt":"2025-06-04T13:23:08","slug":"rt1-ferramenta-para-aplicacao-de-abracadeiras-cb-weidmuller","status":"publish","type":"product","link":"https:\/\/elmaqalbi.com\/en\/produto\/rt1-ferramenta-para-aplicacao-de-abracadeiras-cb-weidmuller\/","title":{"rendered":"RT1 &#8211; ferramenta para aplica\u00e7\u00e3o de abra\u00e7adeiras"},"content":{"rendered":"<p>\u00c9 uma ferramenta utilizada por eletricistas para fixar e organizar cabos em instala\u00e7\u00f5es el\u00e9tricas.<\/p>\n<p>Este alicate permite tensionar e cortar a abra\u00e7adeira simultaneamente, facilitando o trabalho e garantindo uma fixa\u00e7\u00e3o segura.<\/p>\n","protected":false},"excerpt":{"rendered":"<p>Alicate para aperto e corte de abra\u00e7adeiras de cabo, com capacidade para abra\u00e7adeiras de at\u00e9 4.8mm de largura e 1.6mm de espessura<\/p>\n","protected":false},"featured_media":16974,"template":"","meta":[],"product_brand":[87],"product_cat":[96],"product_tag":[],"class_list":{"0":"post-16987","1":"product","2":"type-product","3":"status-publish","4":"has-post-thumbnail","6":"product_brand-weidmuller","7":"product_cat-ferramentas","9":"first","10":"instock","11":"taxable","12":"shipping-taxable","13":"product-type-simple"},"_links":{"self":[{"href":"https:\/\/elmaqalbi.com\/en\/wp-json\/wp\/v2\/product\/16987","targetHints":{"allow":["GET"]}}],"collection":[{"href":"https:\/\/elmaqalbi.com\/en\/wp-json\/wp\/v2\/product"}],"about":[{"href":"https:\/\/elmaqalbi.com\/en\/wp-json\/wp\/v2\/types\/product"}],"version-history":[{"count":3,"href":"https:\/\/elmaqalbi.com\/en\/wp-json\/wp\/v2\/product\/16987\/revisions"}],"predecessor-version":[{"id":17166,"href":"https:\/\/elmaqalbi.com\/en\/wp-json\/wp\/v2\/product\/16987\/revisions\/17166"}],"wp:featuredmedia":[{"embeddable":true,"href":"https:\/\/elmaqalbi.com\/en\/wp-json\/wp\/v2\/media\/16974"}],"wp:attachment":[{"href":"https:\/\/elmaqalbi.com\/en\/wp-json\/wp\/v2\/media?parent=16987"}],"wp:term":[{"taxonomy":"product_brand","embeddable":true,"href":"https:\/\/elmaqalbi.com\/en\/wp-json\/wp\/v2\/product_brand?post=16987"},{"taxonomy":"product_cat","embeddable":true,"href":"https:\/\/elmaqalbi.com\/en\/wp-json\/wp\/v2\/product_cat?post=16987"},{"taxonomy":"product_tag","embeddable":true,"href":"https:\/\/elmaqalbi.com\/en\/wp-json\/wp\/v2\/product_tag?post=16987"}],"curies":[{"name":"wp","href":"https:\/\/api.w.org\/{rel}","templated":true}]}}