{"id":16985,"date":"2025-04-30T14:49:10","date_gmt":"2025-04-30T14:49:10","guid":{"rendered":"https:\/\/elmaqalbi.com\/?post_type=product&#038;p=16985"},"modified":"2025-06-04T13:23:22","modified_gmt":"2025-06-04T13:23:22","slug":"ferro-soldar-jbc-sl-2020","status":"publish","type":"product","link":"https:\/\/elmaqalbi.com\/en\/produto\/ferro-soldar-jbc-sl-2020\/","title":{"rendered":"FERRO SOLDAR JBC SL 2020"},"content":{"rendered":"<p>Caracter\u00edsticas:<\/p>\n<ul>\n<li>Pot\u00eancia:\u00a040W.<\/li>\n<li>Regula\u00e7\u00e3o de Temperatura:\u00a0Ajust\u00e1vel entre 100 e 440\u00b0C.<\/li>\n<li>Controlador de Temperatura:\u00a0Integrado no punho.<\/li>\n<li>Ponta:\u00a0Compat\u00edvel com v\u00e1rias pontas com diferentes tamanhos e formas.<\/li>\n<li>Alimenta\u00e7\u00e3o:\u00a0230V\/50Hz.<\/li>\n<\/ul>\n","protected":false},"excerpt":{"rendered":"<p>Ferro de soldar el\u00e9trico de tipo l\u00e1pis, termo regul\u00e1vel<\/p>\n","protected":false},"featured_media":16968,"template":"","meta":[],"product_brand":[],"product_cat":[96],"product_tag":[],"class_list":{"0":"post-16985","1":"product","2":"type-product","3":"status-publish","4":"has-post-thumbnail","6":"product_cat-ferramentas","8":"first","9":"instock","10":"taxable","11":"shipping-taxable","12":"product-type-simple"},"_links":{"self":[{"href":"https:\/\/elmaqalbi.com\/en\/wp-json\/wp\/v2\/product\/16985","targetHints":{"allow":["GET"]}}],"collection":[{"href":"https:\/\/elmaqalbi.com\/en\/wp-json\/wp\/v2\/product"}],"about":[{"href":"https:\/\/elmaqalbi.com\/en\/wp-json\/wp\/v2\/types\/product"}],"version-history":[{"count":3,"href":"https:\/\/elmaqalbi.com\/en\/wp-json\/wp\/v2\/product\/16985\/revisions"}],"predecessor-version":[{"id":17167,"href":"https:\/\/elmaqalbi.com\/en\/wp-json\/wp\/v2\/product\/16985\/revisions\/17167"}],"wp:featuredmedia":[{"embeddable":true,"href":"https:\/\/elmaqalbi.com\/en\/wp-json\/wp\/v2\/media\/16968"}],"wp:attachment":[{"href":"https:\/\/elmaqalbi.com\/en\/wp-json\/wp\/v2\/media?parent=16985"}],"wp:term":[{"taxonomy":"product_brand","embeddable":true,"href":"https:\/\/elmaqalbi.com\/en\/wp-json\/wp\/v2\/product_brand?post=16985"},{"taxonomy":"product_cat","embeddable":true,"href":"https:\/\/elmaqalbi.com\/en\/wp-json\/wp\/v2\/product_cat?post=16985"},{"taxonomy":"product_tag","embeddable":true,"href":"https:\/\/elmaqalbi.com\/en\/wp-json\/wp\/v2\/product_tag?post=16985"}],"curies":[{"name":"wp","href":"https:\/\/api.w.org\/{rel}","templated":true}]}}