{"id":16902,"date":"2025-04-30T14:17:15","date_gmt":"2025-04-30T14:17:15","guid":{"rendered":"https:\/\/elmaqalbi.com\/?post_type=product&#038;p=16902"},"modified":"2025-06-04T13:33:11","modified_gmt":"2025-06-04T13:33:11","slug":"pedais-de-acionamento","status":"publish","type":"product","link":"https:\/\/elmaqalbi.com\/en\/produto\/pedais-de-acionamento\/","title":{"rendered":"Pedais de acionamento"},"content":{"rendered":"<p>Utilizado em m\u00e1quinas industriais, como prensas, m\u00e1quinas de solda e equipamentos de eleva\u00e7\u00e3o, para acionar e controlar fun\u00e7\u00f5es<\/p>\n","protected":false},"excerpt":{"rendered":"<p>Permitem controlar o funcionamento de m\u00e1quinas e equipamentos com os p\u00e9s, libertando as m\u00e3os do operador para outras tarefas<\/p>\n","protected":false},"featured_media":16777,"template":"","meta":[],"product_brand":[],"product_cat":[91],"product_tag":[],"class_list":{"0":"post-16902","1":"product","2":"type-product","3":"status-publish","4":"has-post-thumbnail","6":"product_cat-material-electrico-e-iluminacao","8":"first","9":"instock","10":"taxable","11":"shipping-taxable","12":"product-type-simple"},"_links":{"self":[{"href":"https:\/\/elmaqalbi.com\/en\/wp-json\/wp\/v2\/product\/16902","targetHints":{"allow":["GET"]}}],"collection":[{"href":"https:\/\/elmaqalbi.com\/en\/wp-json\/wp\/v2\/product"}],"about":[{"href":"https:\/\/elmaqalbi.com\/en\/wp-json\/wp\/v2\/types\/product"}],"version-history":[{"count":3,"href":"https:\/\/elmaqalbi.com\/en\/wp-json\/wp\/v2\/product\/16902\/revisions"}],"predecessor-version":[{"id":17176,"href":"https:\/\/elmaqalbi.com\/en\/wp-json\/wp\/v2\/product\/16902\/revisions\/17176"}],"wp:featuredmedia":[{"embeddable":true,"href":"https:\/\/elmaqalbi.com\/en\/wp-json\/wp\/v2\/media\/16777"}],"wp:attachment":[{"href":"https:\/\/elmaqalbi.com\/en\/wp-json\/wp\/v2\/media?parent=16902"}],"wp:term":[{"taxonomy":"product_brand","embeddable":true,"href":"https:\/\/elmaqalbi.com\/en\/wp-json\/wp\/v2\/product_brand?post=16902"},{"taxonomy":"product_cat","embeddable":true,"href":"https:\/\/elmaqalbi.com\/en\/wp-json\/wp\/v2\/product_cat?post=16902"},{"taxonomy":"product_tag","embeddable":true,"href":"https:\/\/elmaqalbi.com\/en\/wp-json\/wp\/v2\/product_tag?post=16902"}],"curies":[{"name":"wp","href":"https:\/\/api.w.org\/{rel}","templated":true}]}}