{"id":16892,"date":"2025-04-30T14:12:58","date_gmt":"2025-04-30T14:12:58","guid":{"rendered":"https:\/\/elmaqalbi.com\/?post_type=product&#038;p=16892"},"modified":"2025-06-04T13:41:24","modified_gmt":"2025-06-04T13:41:24","slug":"candeeiro-de-secretaria-c-lupa","status":"publish","type":"product","link":"https:\/\/elmaqalbi.com\/en\/produto\/candeeiro-de-secretaria-c-lupa\/","title":{"rendered":"Candeeiro de Secret\u00e1ria C\/ Lupa"},"content":{"rendered":"<p>Usado para trabalhar em detalhes precisos, como repara\u00e7\u00f5es electr\u00f3nicas, modela\u00e7\u00e3o ou outras atividades que exigem uma vis\u00e3o ampliada e n\u00edtida.<\/p>\n","protected":false},"excerpt":{"rendered":"<p>Ferramenta que combina ilumina\u00e7\u00e3o com uma lente de aumento.<\/p>\n","protected":false},"featured_media":16763,"template":"","meta":[],"product_brand":[],"product_cat":[91],"product_tag":[],"class_list":{"0":"post-16892","1":"product","2":"type-product","3":"status-publish","4":"has-post-thumbnail","6":"product_cat-material-electrico-e-iluminacao","8":"first","9":"instock","10":"taxable","11":"shipping-taxable","12":"product-type-simple"},"_links":{"self":[{"href":"https:\/\/elmaqalbi.com\/en\/wp-json\/wp\/v2\/product\/16892","targetHints":{"allow":["GET"]}}],"collection":[{"href":"https:\/\/elmaqalbi.com\/en\/wp-json\/wp\/v2\/product"}],"about":[{"href":"https:\/\/elmaqalbi.com\/en\/wp-json\/wp\/v2\/types\/product"}],"version-history":[{"count":3,"href":"https:\/\/elmaqalbi.com\/en\/wp-json\/wp\/v2\/product\/16892\/revisions"}],"predecessor-version":[{"id":17183,"href":"https:\/\/elmaqalbi.com\/en\/wp-json\/wp\/v2\/product\/16892\/revisions\/17183"}],"wp:featuredmedia":[{"embeddable":true,"href":"https:\/\/elmaqalbi.com\/en\/wp-json\/wp\/v2\/media\/16763"}],"wp:attachment":[{"href":"https:\/\/elmaqalbi.com\/en\/wp-json\/wp\/v2\/media?parent=16892"}],"wp:term":[{"taxonomy":"product_brand","embeddable":true,"href":"https:\/\/elmaqalbi.com\/en\/wp-json\/wp\/v2\/product_brand?post=16892"},{"taxonomy":"product_cat","embeddable":true,"href":"https:\/\/elmaqalbi.com\/en\/wp-json\/wp\/v2\/product_cat?post=16892"},{"taxonomy":"product_tag","embeddable":true,"href":"https:\/\/elmaqalbi.com\/en\/wp-json\/wp\/v2\/product_tag?post=16892"}],"curies":[{"name":"wp","href":"https:\/\/api.w.org\/{rel}","templated":true}]}}