{"id":16732,"date":"2025-04-30T12:25:51","date_gmt":"2025-04-30T12:25:51","guid":{"rendered":"https:\/\/elmaqalbi.com\/?post_type=product&#038;p=16732"},"modified":"2025-06-04T14:07:41","modified_gmt":"2025-06-04T14:07:41","slug":"tubo-de-mangueira-reforcada-pvc-8x12-25mt-ref-pvc-8-1","status":"publish","type":"product","link":"https:\/\/elmaqalbi.com\/en\/produto\/tubo-de-mangueira-reforcada-pvc-8x12-25mt-ref-pvc-8-1\/","title":{"rendered":"Tubo de mangueira refor\u00e7ada PVC 8&#215;12 &#8211; 25mt"},"content":{"rendered":"<div>Tubo PVC transparente de baixa toxidade e refor\u00e7ado com fibras de poli\u00e9ster de alta resist\u00eancia; excelente resist\u00eancia \u00e0 abras\u00e3o<\/div>\n<div>Altamente resistente a uma ampla gama de \u00e1cidos<\/div>\n<div>Aplica\u00e7\u00e3o: ar comprimido; farmac\u00eauticas\/cientificas para transfer\u00eancia de produtos quimicos; subst\u00e2ncias alimentares e liquidos<\/div>\n<div>Press\u00e3o m\u00e1x de trabalho: 10 bar<\/div>\n<div>Temp: -15\u00baC a +60\u00baC<\/div>\n<div>Normas: ISO 6224<\/div>\n","protected":false},"excerpt":{"rendered":"<div>Tubo PVC transparente de baixa toxidade e refor\u00e7ado com fibras de poli\u00e9ster de alta resist\u00eancia; excelente resist\u00eancia \u00e0 abras\u00e3o<\/div>\n<div>Altamente resistente a uma ampla gama de \u00e1cidos<\/div>\n<div>Aplica\u00e7\u00e3o: ar comprimido; farmac\u00eauticas\/cientificas para transfer\u00eancia de produtos quimicos; subst\u00e2ncias alimentares e liquidos<\/div>\n<div>Press\u00e3o m\u00e1x de trabalho: 10 bar<\/div>\n<div>Temp: -15\u00baC a +60\u00baC<\/div>\n<div>Normas: ISO 6224<\/div>\n<div><\/div>\n","protected":false},"featured_media":16659,"template":"","meta":[],"product_brand":[],"product_cat":[108],"product_tag":[],"class_list":{"0":"post-16732","1":"product","2":"type-product","3":"status-publish","4":"has-post-thumbnail","6":"product_cat-tubos","8":"first","9":"instock","10":"taxable","11":"shipping-taxable","12":"product-type-simple"},"_links":{"self":[{"href":"https:\/\/elmaqalbi.com\/en\/wp-json\/wp\/v2\/product\/16732","targetHints":{"allow":["GET"]}}],"collection":[{"href":"https:\/\/elmaqalbi.com\/en\/wp-json\/wp\/v2\/product"}],"about":[{"href":"https:\/\/elmaqalbi.com\/en\/wp-json\/wp\/v2\/types\/product"}],"version-history":[{"count":2,"href":"https:\/\/elmaqalbi.com\/en\/wp-json\/wp\/v2\/product\/16732\/revisions"}],"predecessor-version":[{"id":17200,"href":"https:\/\/elmaqalbi.com\/en\/wp-json\/wp\/v2\/product\/16732\/revisions\/17200"}],"wp:featuredmedia":[{"embeddable":true,"href":"https:\/\/elmaqalbi.com\/en\/wp-json\/wp\/v2\/media\/16659"}],"wp:attachment":[{"href":"https:\/\/elmaqalbi.com\/en\/wp-json\/wp\/v2\/media?parent=16732"}],"wp:term":[{"taxonomy":"product_brand","embeddable":true,"href":"https:\/\/elmaqalbi.com\/en\/wp-json\/wp\/v2\/product_brand?post=16732"},{"taxonomy":"product_cat","embeddable":true,"href":"https:\/\/elmaqalbi.com\/en\/wp-json\/wp\/v2\/product_cat?post=16732"},{"taxonomy":"product_tag","embeddable":true,"href":"https:\/\/elmaqalbi.com\/en\/wp-json\/wp\/v2\/product_tag?post=16732"}],"curies":[{"name":"wp","href":"https:\/\/api.w.org\/{rel}","templated":true}]}}