{"id":16728,"date":"2025-04-30T12:20:35","date_gmt":"2025-04-30T12:20:35","guid":{"rendered":"https:\/\/elmaqalbi.com\/?post_type=product&#038;p=16728"},"modified":"2025-06-04T14:09:28","modified_gmt":"2025-06-04T14:09:28","slug":"tubo-de-poliuretano-ref-tp","status":"publish","type":"product","link":"https:\/\/elmaqalbi.com\/en\/produto\/tubo-de-poliuretano-ref-tp\/","title":{"rendered":"Tubo de Poliuretano"},"content":{"rendered":"<p>Tubo muito flexivel; qualidade 98 SH-A. Excelentes propriedades el\u00e1sticas mesmo em baixas temperaturas. Temp: -40\u00baC a +80\u00baC<br \/>\nAplica\u00e7\u00f5es: pneum\u00e1tico com propriedades muito boas para encaixes instant\u00e2neos, electricidade; inform\u00e1tica; automa\u00e7\u00e3o<br \/>\nDiametro externo: 4-16mm &#8211; Rolos de 100mt<br \/>\nCores: azul, preto, vermelho, amarelo, transparente, verde e laranja<\/p>\n","protected":false},"excerpt":{"rendered":"<p>Tubo muito flexivel; qualidade 98 SH-A. Excelentes propriedades el\u00e1sticas mesmo em baixas temperaturas. Temp: -40\u00baC a +80\u00baC<br \/>\nAplica\u00e7\u00f5es: pneum\u00e1tico com propriedades muito boas para encaixes instant\u00e2neos, electricidade; inform\u00e1tica; automa\u00e7\u00e3o<br \/>\nDiametro externo: 4-16mm &#8211; Rolos de 100mt<br \/>\nCores: azul, preto, vermelho, amarelo, transparente, verde e laranja<\/p>\n","protected":false},"featured_media":16673,"template":"","meta":[],"product_brand":[86],"product_cat":[108],"product_tag":[],"class_list":{"0":"post-16728","1":"product","2":"type-product","3":"status-publish","4":"has-post-thumbnail","6":"product_brand-sanga","7":"product_cat-tubos","9":"first","10":"instock","11":"taxable","12":"shipping-taxable","13":"product-type-simple"},"_links":{"self":[{"href":"https:\/\/elmaqalbi.com\/en\/wp-json\/wp\/v2\/product\/16728","targetHints":{"allow":["GET"]}}],"collection":[{"href":"https:\/\/elmaqalbi.com\/en\/wp-json\/wp\/v2\/product"}],"about":[{"href":"https:\/\/elmaqalbi.com\/en\/wp-json\/wp\/v2\/types\/product"}],"version-history":[{"count":2,"href":"https:\/\/elmaqalbi.com\/en\/wp-json\/wp\/v2\/product\/16728\/revisions"}],"predecessor-version":[{"id":17202,"href":"https:\/\/elmaqalbi.com\/en\/wp-json\/wp\/v2\/product\/16728\/revisions\/17202"}],"wp:featuredmedia":[{"embeddable":true,"href":"https:\/\/elmaqalbi.com\/en\/wp-json\/wp\/v2\/media\/16673"}],"wp:attachment":[{"href":"https:\/\/elmaqalbi.com\/en\/wp-json\/wp\/v2\/media?parent=16728"}],"wp:term":[{"taxonomy":"product_brand","embeddable":true,"href":"https:\/\/elmaqalbi.com\/en\/wp-json\/wp\/v2\/product_brand?post=16728"},{"taxonomy":"product_cat","embeddable":true,"href":"https:\/\/elmaqalbi.com\/en\/wp-json\/wp\/v2\/product_cat?post=16728"},{"taxonomy":"product_tag","embeddable":true,"href":"https:\/\/elmaqalbi.com\/en\/wp-json\/wp\/v2\/product_tag?post=16728"}],"curies":[{"name":"wp","href":"https:\/\/api.w.org\/{rel}","templated":true}]}}