{"id":16721,"date":"2025-04-30T12:15:34","date_gmt":"2025-04-30T12:15:34","guid":{"rendered":"https:\/\/elmaqalbi.com\/?post_type=product&#038;p=16721"},"modified":"2025-06-05T15:10:28","modified_gmt":"2025-06-05T15:10:28","slug":"encaixe-latao-niquelado-reducao-cilindrica","status":"publish","type":"product","link":"https:\/\/elmaqalbi.com\/en\/produto\/encaixe-latao-niquelado-reducao-cilindrica\/","title":{"rendered":"Redu\u00e7\u00e3o cil\u00edndrica"},"content":{"rendered":"<p>ENCAIXES LAT\u00c3O NIQUELADO<\/p>\n<p>Acess\u00f3rios em Lat\u00e3o OT-58<br \/>\nGama ampla, at\u00e9 1&#8243; de rosca<br \/>\nPress\u00e3o nominal: 60 bar<br \/>\ncaixas: 100 unid<\/p>\n","protected":false},"excerpt":{"rendered":"<p>ENCAIXES LAT\u00c3O NIQUELADO<\/p>\n<p>Acess\u00f3rios em Lat\u00e3o OT-58<br \/>\nGama ampla, at\u00e9 1&#8243; de rosca<br \/>\nPress\u00e3o nominal: 60 bar<br \/>\ncaixas: 100 unid<\/p>\n","protected":false},"featured_media":16663,"template":"","meta":[],"product_brand":[],"product_cat":[111],"product_tag":[],"class_list":{"0":"post-16721","1":"product","2":"type-product","3":"status-publish","4":"has-post-thumbnail","6":"product_cat-acessorios","8":"first","9":"instock","10":"taxable","11":"shipping-taxable","12":"product-type-simple"},"_links":{"self":[{"href":"https:\/\/elmaqalbi.com\/en\/wp-json\/wp\/v2\/product\/16721","targetHints":{"allow":["GET"]}}],"collection":[{"href":"https:\/\/elmaqalbi.com\/en\/wp-json\/wp\/v2\/product"}],"about":[{"href":"https:\/\/elmaqalbi.com\/en\/wp-json\/wp\/v2\/types\/product"}],"version-history":[{"count":3,"href":"https:\/\/elmaqalbi.com\/en\/wp-json\/wp\/v2\/product\/16721\/revisions"}],"predecessor-version":[{"id":17257,"href":"https:\/\/elmaqalbi.com\/en\/wp-json\/wp\/v2\/product\/16721\/revisions\/17257"}],"wp:featuredmedia":[{"embeddable":true,"href":"https:\/\/elmaqalbi.com\/en\/wp-json\/wp\/v2\/media\/16663"}],"wp:attachment":[{"href":"https:\/\/elmaqalbi.com\/en\/wp-json\/wp\/v2\/media?parent=16721"}],"wp:term":[{"taxonomy":"product_brand","embeddable":true,"href":"https:\/\/elmaqalbi.com\/en\/wp-json\/wp\/v2\/product_brand?post=16721"},{"taxonomy":"product_cat","embeddable":true,"href":"https:\/\/elmaqalbi.com\/en\/wp-json\/wp\/v2\/product_cat?post=16721"},{"taxonomy":"product_tag","embeddable":true,"href":"https:\/\/elmaqalbi.com\/en\/wp-json\/wp\/v2\/product_tag?post=16721"}],"curies":[{"name":"wp","href":"https:\/\/api.w.org\/{rel}","templated":true}]}}