{"id":16066,"date":"2025-04-24T11:26:16","date_gmt":"2025-04-24T11:26:16","guid":{"rendered":"https:\/\/elmaqalbi.com\/?post_type=product&#038;p=16066"},"modified":"2025-06-04T15:51:33","modified_gmt":"2025-06-04T15:51:33","slug":"bucins-varios-diametros-ref-bc","status":"publish","type":"product","link":"https:\/\/elmaqalbi.com\/en\/produto\/bucins-varios-diametros-ref-bc\/","title":{"rendered":"Bucins"},"content":{"rendered":"<p>Evitam tens\u00f5es mec\u00e2nicas e impedem a entrada de humidade, poeira ou outros agentes externos.<\/p>\n<p>Dispon\u00edveis em v\u00e1rios di\u00e2metros.<\/p>\n","protected":false},"excerpt":{"rendered":"<p>Pe\u00e7as que fixam e protegem cabos el\u00e9tricos em equipamentos<\/p>\n","protected":false},"featured_media":16052,"template":"","meta":[],"product_brand":[],"product_cat":[91],"product_tag":[],"class_list":{"0":"post-16066","1":"product","2":"type-product","3":"status-publish","4":"has-post-thumbnail","6":"product_cat-material-electrico-e-iluminacao","8":"first","9":"instock","10":"taxable","11":"shipping-taxable","12":"product-type-simple"},"_links":{"self":[{"href":"https:\/\/elmaqalbi.com\/en\/wp-json\/wp\/v2\/product\/16066","targetHints":{"allow":["GET"]}}],"collection":[{"href":"https:\/\/elmaqalbi.com\/en\/wp-json\/wp\/v2\/product"}],"about":[{"href":"https:\/\/elmaqalbi.com\/en\/wp-json\/wp\/v2\/types\/product"}],"version-history":[{"count":3,"href":"https:\/\/elmaqalbi.com\/en\/wp-json\/wp\/v2\/product\/16066\/revisions"}],"predecessor-version":[{"id":17221,"href":"https:\/\/elmaqalbi.com\/en\/wp-json\/wp\/v2\/product\/16066\/revisions\/17221"}],"wp:featuredmedia":[{"embeddable":true,"href":"https:\/\/elmaqalbi.com\/en\/wp-json\/wp\/v2\/media\/16052"}],"wp:attachment":[{"href":"https:\/\/elmaqalbi.com\/en\/wp-json\/wp\/v2\/media?parent=16066"}],"wp:term":[{"taxonomy":"product_brand","embeddable":true,"href":"https:\/\/elmaqalbi.com\/en\/wp-json\/wp\/v2\/product_brand?post=16066"},{"taxonomy":"product_cat","embeddable":true,"href":"https:\/\/elmaqalbi.com\/en\/wp-json\/wp\/v2\/product_cat?post=16066"},{"taxonomy":"product_tag","embeddable":true,"href":"https:\/\/elmaqalbi.com\/en\/wp-json\/wp\/v2\/product_tag?post=16066"}],"curies":[{"name":"wp","href":"https:\/\/api.w.org\/{rel}","templated":true}]}}